{"id":7,"date":"2017-05-17T15:10:15","date_gmt":"2017-05-17T13:10:15","guid":{"rendered":"http:\/\/christellefortindebord.com\/?page_id=7"},"modified":"2026-02-04T14:57:05","modified_gmt":"2026-02-04T13:57:05","slug":"accueil","status":"publish","type":"page","link":"https:\/\/christellefortindebord.com\/","title":{"rendered":"\u00c0 la une &#8230;"},"content":{"rendered":"\n<p class=\"has-text-align-center\">Album LILIKEN \u00ab\u00a0Loin des villes \u00a0\u00bb (2006) remast\u00e9ris\u00e9 en 2025<\/p>\n\n\n\n<p class=\"has-text-align-center\">(Infos dans onglet : Musique )<\/p>\n\n\n\n<p class=\"has-text-align-center\"><em>Visuel \u00e0 partir de l&rsquo;aquarelle \u00ab\u00a0Palmiers\u00a0\u00bb de Christelle Fortin Debord<\/em><\/p>\n\n\n\n<p><\/p>\n\n\n<div class=\"wp-block-image\">\n<figure class=\"aligncenter size-large\"><img loading=\"lazy\" decoding=\"async\" width=\"480\" height=\"480\" src=\"https:\/\/christellefortindebord.com\/wp-content\/uploads\/2026\/01\/LILIKEN-LoinDesVilles-_PALMIERS-480x480.jpg\" alt=\"\" class=\"wp-image-1817\" srcset=\"https:\/\/christellefortindebord.com\/wp-content\/uploads\/2026\/01\/LILIKEN-LoinDesVilles-_PALMIERS-480x480.jpg 480w, https:\/\/christellefortindebord.com\/wp-content\/uploads\/2026\/01\/LILIKEN-LoinDesVilles-_PALMIERS-300x300.jpg 300w, https:\/\/christellefortindebord.com\/wp-content\/uploads\/2026\/01\/LILIKEN-LoinDesVilles-_PALMIERS-150x150.jpg 150w, https:\/\/christellefortindebord.com\/wp-content\/uploads\/2026\/01\/LILIKEN-LoinDesVilles-_PALMIERS-768x768.jpg 768w, https:\/\/christellefortindebord.com\/wp-content\/uploads\/2026\/01\/LILIKEN-LoinDesVilles-_PALMIERS-1536x1536.jpg 1536w, https:\/\/christellefortindebord.com\/wp-content\/uploads\/2026\/01\/LILIKEN-LoinDesVilles-_PALMIERS-2048x2048.jpg 2048w, https:\/\/christellefortindebord.com\/wp-content\/uploads\/2026\/01\/LILIKEN-LoinDesVilles-_PALMIERS-1200x1200.jpg 1200w\" sizes=\"(max-width: 480px) 85vw, 480px\" \/><\/figure><\/div>\n\n\n<p class=\"has-text-align-center\">Conception graphique : Jean-Christophe Debord (2026)<\/p>\n","protected":false},"excerpt":{"rendered":"<p>Album LILIKEN \u00ab\u00a0Loin des villes \u00a0\u00bb (2006) remast\u00e9ris\u00e9 en 2025 (Infos dans onglet : Musique ) Visuel \u00e0 partir de l&rsquo;aquarelle \u00ab\u00a0Palmiers\u00a0\u00bb de Christelle Fortin Debord Conception graphique : Jean-Christophe Debord (2026)<\/p>\n","protected":false},"author":2,"featured_media":0,"parent":0,"menu_order":0,"comment_status":"closed","ping_status":"closed","template":"","meta":{"footnotes":""},"_links":{"self":[{"href":"https:\/\/christellefortindebord.com\/index.php\/wp-json\/wp\/v2\/pages\/7"}],"collection":[{"href":"https:\/\/christellefortindebord.com\/index.php\/wp-json\/wp\/v2\/pages"}],"about":[{"href":"https:\/\/christellefortindebord.com\/index.php\/wp-json\/wp\/v2\/types\/page"}],"author":[{"embeddable":true,"href":"https:\/\/christellefortindebord.com\/index.php\/wp-json\/wp\/v2\/users\/2"}],"replies":[{"embeddable":true,"href":"https:\/\/christellefortindebord.com\/index.php\/wp-json\/wp\/v2\/comments?post=7"}],"version-history":[{"count":191,"href":"https:\/\/christellefortindebord.com\/index.php\/wp-json\/wp\/v2\/pages\/7\/revisions"}],"predecessor-version":[{"id":1841,"href":"https:\/\/christellefortindebord.com\/index.php\/wp-json\/wp\/v2\/pages\/7\/revisions\/1841"}],"wp:attachment":[{"href":"https:\/\/christellefortindebord.com\/index.php\/wp-json\/wp\/v2\/media?parent=7"}],"curies":[{"name":"wp","href":"https:\/\/api.w.org\/{rel}","templated":true}]}}