{"id":63,"date":"2017-05-17T16:42:42","date_gmt":"2017-05-17T14:42:42","guid":{"rendered":"http:\/\/christellefortindebord.com\/?page_id=63"},"modified":"2025-12-28T17:08:44","modified_gmt":"2025-12-28T16:08:44","slug":"au-hillian","status":"publish","type":"page","link":"https:\/\/christellefortindebord.com\/index.php\/au-hillian\/","title":{"rendered":"EXPOS"},"content":{"rendered":"<h3><span class=\"m_-6158499185369650609_c24 m_-6158499185369650609_50f4\">Expositions 2025:<\/span><\/h3>\n<ul>\n<li><span style=\"color: #000000;\"><em><strong>Du 10 juin au 21 juin 2025 :<br \/>\n<\/strong><\/em>Exposition collective Artistes Aquitania-\u00a0 \u00a0Bagn\u00e8res-de-Bigorre<strong> (65200)<br \/>\n<\/strong>Espace Emilien Froissard\u00a0<\/span><\/li>\n<li><span style=\"color: #000000;\"><em><strong>Du 9 au 17 ao\u00fbt 2025\u00a0 :<br \/>\n<\/strong><\/em>Exposition collective LA RONDE DES EXPOS- \u00c0 la salle des f\u00eates de\u00a0 \u00a0Semezi\u00e8s-Cachan<strong> (32 450)\u00a0<\/strong><\/span><\/li>\n<\/ul>\n<h3><span class=\"m_-6158499185369650609_c24 m_-6158499185369650609_50f4\">Expositions et \u00e9v\u00e8nements\u00a0 2024:<\/span><\/h3>\n<ul>\n<li><span style=\"color: #000000;\"><em><strong>Du 6 au 25 ao\u00fbt 2024\u00a0 :<br \/>\n<\/strong><\/em>Exposition personnelle \u00e0 la Galerie CAP MONTAUT- 1, rue du Bourg- <strong>Montaut-les-Cr\u00e9naux (32).<\/strong><\/span><span style=\"color: #000000;\"><br \/>\n<strong>Stages d&rsquo;aquarelle<\/strong> dans la salle d&rsquo;expo (pr\u00eat de mat\u00e9riel possible &#8211; adultes et adolescents &#8211; niveaux d\u00e9butant et interm\u00e9diaire)<\/span><br \/>\n<span style=\"color: #000000;\">Th\u00e8me du 12\/08 : coquelicot Th\u00e8me du 19\/08 : \u00eele au cr\u00e9puscule<br \/>\n<\/span><span style=\"color: #000000;\">(<em>voir les infos dans la rubrique \u00ab\u00a0Cours et stages\u00a0\u00bb<\/em>).<\/span><br \/>\n<em>Dimanche<\/em> : de 10h \u00e0 17h pr\u00e9sence de l&rsquo;artiste <em>(dimanches 11\/08, 18\/08 et 25\/08)<\/em>.<br \/>\n<em>Lundi<\/em> : stage d&rsquo;aquarelle de 9h \u00e0 12h (<em>lundis 12\/08 et 19\/08<\/em>).<\/li>\n<li><span style=\"color: #008000;\"><em><strong>21 et 22 septembre 2024\u00a0 :<br \/>\n<\/strong><\/em><\/span><span style=\"color: #ff6600;\">Journ\u00e9es du Patrimoine<\/span> : \u00e0 la demande du <em><span style=\"color: #3366ff;\"><strong>Mus\u00e9e des Beaux-Arts et des arts d\u00e9coratifs<\/strong><\/span><\/em> de <span style=\"color: #ff6600;\">Mirande<\/span> (32) , j&rsquo;animerai un <span style=\"color: #800080;\">stage d&rsquo;aquarelle<\/span> \u00e0 partir d&rsquo;une oeuvre du mus\u00e9e, le samedi 21 septembre, de 15h \u00e0 18h, dans la salle principale du mus\u00e9e.<br \/>\n<span style=\"color: #000000;\">(<em>voir les infos dans la rubrique \u00ab\u00a0Cours et stages\u00a0\u00bb<\/em>).<\/span><\/li>\n<\/ul>\n<h3><span class=\"m_-6158499185369650609_c24 m_-6158499185369650609_50f4\">Expositions\u00a0 2023:<\/span><\/h3>\n<ul>\n<li><span style=\"color: #000000;\"><em><strong>Samedi 2 et dimanche 3 d\u00e9cembre\u00a0 2023\u00a0 :\u00a0<\/strong><\/em>March\u00e9 de No\u00ebl de\u00a0 <strong>SEMEZIES-CACHAN\u00a0(32)<\/strong><\/span><\/li>\n<li><span style=\"color: #000000;\"><em><strong>Novembre 2023\u00a0 :<br \/>\n<\/strong><\/em>Exposition personnelle &#8211; Centre Culturel Espace Astarac &#8211; M\u00e9diath\u00e8que de\u00a0 <strong>SEISSAN (32 260)<\/strong> aux heures d&rsquo;ouverture de la m\u00e9diath\u00e8que (05.62.64.16.77) : <em>Me 9h-12h\/14h-18h ; Je 9h-12h ; Ve et Sa 9h-13h.<\/em><\/span><br \/>\n<span style=\"color: #000000;\"><em>Pr\u00e9sence de l&rsquo;artiste le vendredi 3 novembre de 10h \u00e0 12h00 et le <strong>samedi 25 novembre<\/strong> de 10h \u00e0 12h00.<br \/>\n<\/em><em>\u00c0 l&rsquo;occasion de l&rsquo;ouverture de la campagne des <\/em>Restos du Coeur<em>, les recettes de la vente des reproductions d&rsquo;art des aquarelles (entre 20\u20ac et 35\u20ac la reproduction), lors de la permanence de l&rsquo;artiste le 25 novembre de 10h \u00e0 12h, seront vers\u00e9es aux <\/em>Restos du Coeur<em>.<\/em><\/span><\/li>\n<li><span style=\"color: #000000;\"><em><strong>Samedi 14 octobre 2023\u00a0 :<br \/>\n<\/strong><\/em><b>Journ\u00e9e des Ateliers d&rsquo;Artiste d&rsquo;Occitanie <\/b>&#8211; Portes ouvertes &#8211; Au Hillian, au village &#8211; <strong>Clermont-Pouyguill\u00e8s (32). <\/strong><\/span><\/li>\n<li><span style=\"color: #000000;\"><em><strong>Du 13 septembre au 31 octobre 2023\u00a0 :<br \/>\n<\/strong><\/em><b>Exposition MGH-LIP <\/b>&#8211; Exposition collective avec le sculpteur Bruno Renard &#8211;<strong>Lectoure (32). <\/strong><em>Vernissage mercredi 13 septembre \u00e0 17h.<\/em><\/span><\/li>\n<li><span style=\"color: #000000;\"><em><span style=\"color: #000000;\">Du 22 juillet au 27 ao\u00fbt 2023\u00a0 :<\/span><br \/>\n<\/em>Exposition collective CHAM &#8211; Ch\u00e2teau de l&rsquo;ISLE DE NO\u00c9 (Gers)- ouvert tous les jours &#8211; 14h\/18h- Entr\u00e9e libre.<\/span><\/li>\n<li><span style=\"color: #000000;\"><em>Dimanche 23 juillet\u00a0 2023\u00a0 :<br \/>\n<\/em>Exposition collective &#8211; CLERMONT-POUYGUILL\u00c8S (32300) (Gers)- Dimanche 23 juillet &#8211; Salle des f\u00eates &#8211; 14h\/19h- Entr\u00e9e libre.<\/span><\/li>\n<li><span style=\"color: #000000;\"><em>Du samedi 15 juillet au samedi 29 juillet2023\u00a0 :<br \/>\n<\/em>Exposition et concours d&rsquo;aquarelles &#8211; Exposition collective &#8211; Sainte Marie de Campan (65)<\/span><\/li>\n<li><span style=\"color: #000000;\"><em>Dimanche 9 juillet\u00a0 2023\u00a0 :<br \/>\n<\/em>FICAF- Festival International de la Culture et de l&rsquo;Art de Fleurance- Exposition collective &#8211; FLEURANCE (32) (32500-Gers)<\/span><\/li>\n<\/ul>\n<h3><span class=\"m_-6158499185369650609_c24 m_-6158499185369650609_50f4\">Expositions\u00a0 2022:<\/span><\/h3>\n<ul>\n<li><span style=\"color: #000000;\"><em>Samedi 26 novembre 2022\u00a0 :<br \/>\n<\/em>Au Foyer CASTEL SAINT-LOUIS (ARREAHP)<\/span><span style=\"color: #000000;\">ORDAN LARROQUE (32350)\u00a0<\/span><\/li>\n<li><span style=\"color: #000000;\">Dimanche 24 juillet 2022 : journ\u00e9e \u00ab\u00a0ARTISTES DANS LA RUE\u00a0\u00bb organis\u00e9 par l&rsquo;assi<\/span><span style=\"color: #008000;\"><span style=\"color: #000000;\">ociation Chrysalide- salle polyvalente \u00e0 AIGNAN &#8211; 32290<\/span><\/span><\/li>\n<li><span style=\"color: #000000;\">Du 26 mai au 1er juillet 2022\u00a0 :<\/span> <span style=\"color: #000000;\">Exposition personnelle au caf\u00e9 restaurant LA TERRAUBOISE &#8211; place de Gascogne- 32700 TERRAUBE <\/span><\/li>\n<li><span style=\"color: #000000;\">Du 10\u00a0 au 23 mai 2022 : Exposition collective dans le cadre de la F\u00caTE DE L&rsquo;EUROPE organis\u00e9e par la ville d&rsquo;Auch\u00a0 \u00e0 l&rsquo;Atelier des Berges du Gers, 5 chemin du moulin de la Rib\u00e8re \u00e0 AUCH (32000).<\/span><\/li>\n<\/ul>\n<h3><span class=\"m_-6158499185369650609_c24 m_-6158499185369650609_50f4\">Expositions\/\u00e9v\u00e8nements\u00a0 2021:<\/span><\/h3>\n<ul>\n<li>Chambre des M\u00e9tiers \u00e0 TARBES -65- Espace Jacques SOLA &#8211; Exposition SEMA (Soci\u00e9t\u00e9 d&rsquo;Encouragement aux M\u00e9tiers d&rsquo;Art)\u00a0 du <span style=\"color: #000000;\">23 novembre jusqu&rsquo;au 1er d\u00e9cembre 2021.<br \/>\n<\/span><\/li>\n<li>Boutique \u00ab\u00a0Aux plaisirs Mi\u00e9lanais\u00a0\u00bb \u00e0 Mi\u00e9lan (32) : reproductions d&rsquo;aquarelles encadr\u00e9es et cartes postales.<\/li>\n<li><span style=\"color: #000000;\"><em>Du 02 au 30 novembre 2021 <\/em>\u00a0:<\/span><br \/>\n<span style=\"color: #000000;\">Exposition personnelle <em>\u00ab\u00a0Quelque part, certainement&#8230;\u00a0\u00bb<\/em>\u00a0\u00e0 l&rsquo;Office de Tourisme et m\u00e9diath\u00e8que de MASSEUBE (32).<\/span><br \/>\n<span style=\"color: #000000;\">Pr\u00e9sence de l&rsquo;artiste sur le lieu de l&rsquo;exposition les samedis 13\/11, 20\/11 et 27\/11 de 10h \u00e0 11h30. Un atelier d&rsquo;\u00e9criture aura lieu, \u00e0 la m\u00e9diath\u00e8que, le samedi 27\/11, anim\u00e9 par Val\u00e9rie Chataignier, autour des oeuvres imaginaires de Christelle Debord.<\/span><\/li>\n<li><span style=\"color: #000000;\"><em>Dimanche 10 octobre de 9h45 \u00e0 12h<\/em> : Journ\u00e9es R\u00e9gionales portes ouvertes des Ateliers d\u2019Artistes (organis\u00e9e par la R\u00c9GION OCCITANIE \/ PYR\u00c9N\u00c9ES-M\u00c9DITERRAN\u00c9E).<\/span><span style=\"color: #000000;\">Ouverture de mon atelier \u00e0 Clermont-Pouyguill\u00e8s (32300).<\/span><\/li>\n<li><span style=\"color: #000000;\"><em>Du 6\u00a0 au 15 ao\u00fbt 2021 inclus :<br \/>\n<\/em><\/span>\u00a0Exposition collective \u00e0<span style=\"color: #000000;\"> LA RONDE DES EXPOS \u00e0 la salle des f\u00eates de St-Elix-d&rsquo;Astarac (32).<\/span><\/li>\n<li><span style=\"color: #000000;\"><em>Du lundi 5\u00a0 au dimanche 11 juillet 2021 inclus : <\/em><\/span><br \/>\nExposition collective au March\u00e9 des Arts au Clos du 88\u00b0 r\u00e9giment d\u2019Infanterie \u00e0 MIRANDE (32300 &#8211; Gers)<\/li>\n<li><em style=\"color: #000000;\">Du mercredi 19 mai au samedi 26 juin 2021<\/em><span style=\"color: #000000;\"> :<br \/>\n<\/span>Exposition personnelle <em>\u00ab\u00a0Quelque part, certainement&#8230;\u00a0\u00bb<br \/>\n<\/em>M\u00e9diath\u00e8que (Espace Astarac) &#8211; SEISSAN (32260-Gers)<\/li>\n<\/ul>\n<h3><span class=\"m_-6158499185369650609_c24 m_-6158499185369650609_50f4\">Expositions 2015-2020 :<\/span><\/h3>\n<ul>\n<li style=\"list-style-type: none;\">\n<ul>\n<li><em>Du 17 ao\u00fbt\u00a0 au 23 octobre<\/em><strong><em> 2020 :<\/em><\/strong><br \/>\nExposition en solo L&rsquo;Inspir &#8211; 50, rue Dessoles &#8211; 32000 AUCH.<\/li>\n<li><em>Du 3 mai au 1er juin <strong>2019<\/strong><\/em> : Exposition en solo &#8211; M\u00e9diath\u00e8que (Espace Astarac) &#8211; Seissan (32260-Gers) .<\/li>\n<li>21 juillet au 26 ao\u00fbt <strong>2018<\/strong> :<br \/>\nExposition collective organis\u00e9e par l&rsquo;Association CHAM dans une salle du ch\u00e2teau de l&rsquo;Isle de No\u00e9.<\/li>\n<li>15 juillet au 20 ao\u00fbt <strong>2017<\/strong> : XXVe exposition\u00a0 collective CHAM &#8211; Ch\u00e2teau de l&rsquo;Isle de No\u00eb (Gers).<\/li>\n<li><span class=\"m_-6158499185369650609_c24 m_-6158499185369650609_50f4\">01 au 22 juin<strong> 2017<\/strong> : Exposition collective au Cr\u00e9dit Agricole AUCH Malartic (Gers).<\/span><\/li>\n<li><span class=\"m_-6158499185369650609_c24 m_-6158499185369650609_50f4\">F\u00e9vrier \/mars <strong>2017<\/strong> : Exposition collective &#8211; M\u00e9diath\u00e8que (Espace Astarac) Seissan (Gers).<\/span><\/li>\n<li><span class=\"m_-6158499185369650609_c24 m_-6158499185369650609_50f4\">Juin <strong>2016<\/strong> : Exposition collective &#8211; Route du Sud &#8211; Foyer de Clermont-Pouyguill\u00e8s (Gers).<\/span><\/li>\n<li><span class=\"m_-6158499185369650609_c24 m_-6158499185369650609_50f4\">Septembre <strong>2015<\/strong> : Exposition collective -Journ\u00e9es du Patrimoine &#8211; Pessan (Gers).<\/span><\/li>\n<\/ul>\n<\/li>\n<\/ul>\n<ul>\n<li style=\"list-style-type: none;\"><\/li>\n<\/ul>\n","protected":false},"excerpt":{"rendered":"<p>Expositions 2025: Du 10 juin au 21 juin 2025 : Exposition collective Artistes Aquitania-\u00a0 \u00a0Bagn\u00e8res-de-Bigorre (65200) Espace Emilien Froissard\u00a0 Du 9 au 17 ao\u00fbt 2025\u00a0 : Exposition collective LA RONDE DES EXPOS- \u00c0 la salle des f\u00eates de\u00a0 \u00a0Semezi\u00e8s-Cachan (32 450)\u00a0 Expositions et \u00e9v\u00e8nements\u00a0 2024: Du 6 au 25 ao\u00fbt 2024\u00a0 : Exposition personnelle \u00e0 &hellip; <a href=\"https:\/\/christellefortindebord.com\/index.php\/au-hillian\/\" class=\"more-link\">Continuer la lecture<span class=\"screen-reader-text\"> de &laquo;&nbsp;EXPOS&nbsp;&raquo;<\/span><\/a><\/p>\n","protected":false},"author":1,"featured_media":195,"parent":0,"menu_order":0,"comment_status":"closed","ping_status":"closed","template":"","meta":{"footnotes":""},"_links":{"self":[{"href":"https:\/\/christellefortindebord.com\/index.php\/wp-json\/wp\/v2\/pages\/63"}],"collection":[{"href":"https:\/\/christellefortindebord.com\/index.php\/wp-json\/wp\/v2\/pages"}],"about":[{"href":"https:\/\/christellefortindebord.com\/index.php\/wp-json\/wp\/v2\/types\/page"}],"author":[{"embeddable":true,"href":"https:\/\/christellefortindebord.com\/index.php\/wp-json\/wp\/v2\/users\/1"}],"replies":[{"embeddable":true,"href":"https:\/\/christellefortindebord.com\/index.php\/wp-json\/wp\/v2\/comments?post=63"}],"version-history":[{"count":177,"href":"https:\/\/christellefortindebord.com\/index.php\/wp-json\/wp\/v2\/pages\/63\/revisions"}],"predecessor-version":[{"id":1812,"href":"https:\/\/christellefortindebord.com\/index.php\/wp-json\/wp\/v2\/pages\/63\/revisions\/1812"}],"wp:featuredmedia":[{"embeddable":true,"href":"https:\/\/christellefortindebord.com\/index.php\/wp-json\/wp\/v2\/media\/195"}],"wp:attachment":[{"href":"https:\/\/christellefortindebord.com\/index.php\/wp-json\/wp\/v2\/media?parent=63"}],"curies":[{"name":"wp","href":"https:\/\/api.w.org\/{rel}","templated":true}]}}