{"id":331,"date":"2018-07-19T10:11:16","date_gmt":"2018-07-19T08:11:16","guid":{"rendered":"http:\/\/christellefortindebord.com\/?page_id=331"},"modified":"2026-01-05T18:30:22","modified_gmt":"2026-01-05T17:30:22","slug":"stages","status":"publish","type":"page","link":"https:\/\/christellefortindebord.com\/index.php\/stages\/","title":{"rendered":"Stages"},"content":{"rendered":"<pre style=\"text-align: center;\"><span style=\"color: #808000;\"><em>Date de la derni\u00e8re mise \u00e0 jour des informations : 26\/04\/2025<\/em><\/span><\/pre>\n<p>ANN\u00c9\u00c9<strong> <span style=\"color: #ff6600;\">2025-2026<\/span><\/strong> : pas de cours d&rsquo;aquarelle cette ann\u00e9e. Merci de votre compr\u00e9hension.<\/p>\n<p><em>Cet atelier a pour objectif de vous accompagner dans vos d\u00e9buts \u00e0 l&rsquo;aquarelle en vous transmettant des bases et techniques qui vont vous permettre de peindre avec ce m\u00e9dium \u00e0 la fois fascinant et si particulier. Je vous guide\u00a0 en vous montrant chaque \u00e9tape, je r\u00e9alise le sujet \u00e9tape par \u00e9tape devant vous et conseille chacun des participants pendant l&rsquo;atelier (je propose, vous disposez ! ), tout cela dans une ambiance d\u00e9tendue et conviviale<\/em><em>.<br \/>Il n&rsquo;est pas n\u00e9cessaire de savoir dessiner pour participer \u00e0 cet atelier, l&rsquo;objectif \u00e9tant la peinture \u00e0 l&rsquo;aquarelle ; m\u00eame si parfois, nous aurons besoin de faire un tr\u00e8s rapide petit croquis pr\u00e9paratoire. J&rsquo;apporte des calques \u00e0 chaque d\u00e9but d&rsquo;atelier pour ceux qui n&rsquo;ont pas r\u00e9alis\u00e9 l&rsquo;esquisse n\u00e9cessaire avant de venir.<br \/>A la suite de l&rsquo;atelier, vous pourrez acc\u00e9der \u00e0 une vid\u00e9o sur YouTube ou un \u00ab\u00a0pas \u00e0 pas\u00a0\u00bb (envoi par mail au format pdf), ce qui vous permettra de refaire l&rsquo;aquarelle \u00e0 la maison ou de la terminer. <br \/>Je propose un pr\u00eat de mat\u00e9riel qui vous permet d&rsquo;essayer sans investir.<br \/><\/em><\/p>\n<p><strong><span style=\"color: #ff6600;\">Saison 2024-2025<\/span> : <\/strong><br \/>Pour cette nouvelle ann\u00e9e, je propose <strong>des journ\u00e9es aquarelle<\/strong> \u00e0 MIRANDE (32). <br \/>Le matin est un <strong><em>atelier guid\u00e9<\/em> <\/strong>sur un sujet que je choisis. Je vous montre chaque \u00e9tape de la r\u00e9alisation de l&rsquo;aquarelle et vous accompagne, vous guide et vous conseille.<br \/>L&rsquo;apr\u00e8s-midi est un <strong><em>atelier sujet libre<\/em><\/strong> o\u00f9 nous pourrons continuer le travail du matin ou un travail que vous avez en cours ou un projet (\u00e0 partir d&rsquo;une photo, d&rsquo;une peinture, d&rsquo;un pas \u00e0 pas&#8230;). Je serai \u00e0 vos c\u00f4t\u00e9s pour vous guider, vous conseiller et vous apporter des pistes de travail.<br \/>Vous aurez le choix de ne venir qu&rsquo;\u00e0 la demie-journ\u00e9e ou \u00e0 la journ\u00e9e enti\u00e8re.<\/p>\n<p><strong>Les dates :<\/strong><br \/>&#8211; samedi 2 novembre 2024<br \/>&#8211; samedi 4 janvier 2025<br \/>&#8211; samedi 22 f\u00e9vrier 2025<br \/>&#8211; samedi 26 avril 2025<\/p>\n<p><strong>Les th\u00e8mes des ateliers :<\/strong><br \/><span style=\"color: #000000;\">&#8211; samedi 2 novembre 2024\u00a0: Marine <\/span><em><span style=\"color: #000000;\">(utilisation de la<\/span> gomme \u00e0 masquer)<\/em><br \/>&#8211; <span style=\"color: #000000;\">samedi 4 janvier 2025 :\u00a0peinture avec une carte en plastique (<\/span><em><span style=\"color: #000000;\">l&rsquo;aquarel<\/span>le en tube est pr\u00e9conis\u00e9e pour cette technique )<\/em><br \/>&#8211;<span style=\"color: #000000;\"> samedi 22 f\u00e9vrier 2025 : aquarelle sur papier YUPO \u00a0<\/span><br \/>Le papier Yupo est un papier d&rsquo;origine japonaise en polypropyl\u00e8ne, qui ne laisse p\u00e9n\u00e9trer ni l&rsquo;eau ni les pigments d&rsquo;aquarelle.<br \/>Aussi, cela g\u00e9n\u00e8re des effets surprenants&#8230; C&rsquo;est un atelier o\u00f9 le l\u00e2cher prise et l&rsquo;imaginaire seront stimul\u00e9s !<br \/>&#8211; <span style=\"color: #000000;\">samedi 26 avril 2025 de 9h30\u00e0 12h30 : Ambiance florale ( <em>vaporisations et aquarelle<\/em>). Plusieurs vaporisateurs seront utiles. \u00a0<\/span>Je vous guiderai \u00e9tape par \u00e9tape dans la r\u00e9alisation de l&rsquo;aquarelle (<i>\u00e0 partir d&rsquo;une photo de cerisier en fleur).<br \/><\/i>Un pr\u00eat de mat\u00e9riel est possible sur demande.<\/p>\n<p><strong>Inscriptions<\/strong> par mail : christellefortindebord@gmail.com \/ 0686474201<\/p>\n<p><em><span style=\"color: #ff0000;\">Stage <strong>PEINDRE UN COQUELICOT<\/strong> \u00e0 l&rsquo;aquarelle<\/span><\/em> : sur demande (une journ\u00e9e)<\/p>\n<div><span style=\"color: #000000;\"><strong>Journ\u00e9es du Patrimoine &#8211; 21 et 22 septembre 2024 :<br \/><\/strong>J&rsquo;animerai un stage d&rsquo;aquarelle dans la salle principale du <u><strong>Mus\u00e9e des Beaux-arts et des Arts d\u00e9coratifs de Mirande<\/strong><\/u> (Gers) lors de <i>Journ\u00e9es du Patrimoine<\/i>, le <u>samedi 21 SEPTEMBRE 2024 de 15h \u00e0 18h.<br \/><\/u>Cet atelier est gratuit\u00a0 (15 participants maximum), un\u00a0 pr\u00eat de mat\u00e9riel est pr\u00e9vu pour 5 personnes (merci de l&rsquo;indiquer lors de l&rsquo;inscription).<\/span><br \/><span style=\"color: #000000;\"><span style=\"font-family: Arial, sans-serif;\"><span style=\"font-size: medium;\">Nous travaillerons \u00e0 partir d&rsquo;une marine expos\u00e9e dans la salle du mus\u00e9e.<br \/><\/span><\/span><span style=\"font-family: Arial, sans-serif;\"><span style=\"font-size: medium;\">Je vous proposerai une interpr\u00e9tation \u00e0 l&rsquo;aquarelle de cette oeuvre qui a \u00e9t\u00e9 r\u00e9alis\u00e9e avec un autre medium (Ecole Fran\u00e7aise &#8211; XIXe s).\u00a0<br \/><\/span><\/span><\/span><span style=\"color: #222222;\"><span style=\"font-family: Arial, sans-serif;\"><span style=\"font-size: medium;\"><span style=\"color: #000000;\">L&rsquo;objectif n&rsquo;\u00e9tant pas le dessin mais la pratique de l&rsquo;aquarelle, chaque participant aura une photographie et un calque afin de tracer l&rsquo;esquisse n\u00e9cessaire \u00e0 la r\u00e9alisation de l&rsquo;aquarelle.\u00a0Je montrerai chaque \u00e9tape de la r\u00e9alisation et conseillerai chaque participant. Cet atelier sera suivi de l&rsquo;envoi d&rsquo;un pas \u00e0 pas (format pdf par mail) .<\/span><\/span><\/span><\/span><\/div>\n<div>\u00a0<\/div>\n<div><span style=\"color: #000000;\"><strong>Stages d&rsquo;\u00e9t\u00e9 2024 : <\/strong><\/span><br \/>Dans le cadre de mon exposition personnelle \u00e0 <strong>Montaut-les-Cr\u00e9neaux (Gers &#8211; 32810)<\/strong> en ao\u00fbt 2024, je propose deux stages d&rsquo;initiation \u00e0 l&rsquo;aquarelle dans la salle d&rsquo;exposition (salle au-dessus de l&rsquo;Office de tourisme) o\u00f9 nous peindrons, entour\u00e9s de mes aquarelles. <br \/>&#8211; Niveaux : d\u00e9butants et interm\u00e9diaires <br \/>&#8211; Public : adultes et adolescents<br \/>&#8211; les lundis <span style=\"color: #000000;\">12\/08 et\/ou 19\/08<\/span> de 9h \u00e0 12h (sous r\u00e9serve d&rsquo;un minimum de 5 participants)<br \/>&#8211; Inscription obligatoire (christellefortindebord@gmail.com)<br \/>Th\u00e8me du lundi 12\/08\/24 : <strong>COQUELICOT<\/strong><br \/>Th\u00e8me du lundi 19\/08\/24 : <strong>PHARE AU CR\u00c9PUSCULE<br \/><\/strong>Galerie Cap Montaut &#8211; Une organisation CAP Montaut.<br \/><em><em>Inscriptions : christellefortindebord@gmail.com \/ 06.86.47.42.01<\/em><\/em><\/div>\n<p style=\"text-align: center;\"><span style=\"color: #666699;\">T\u00e9moignages d&rsquo;\u00e9l\u00e8ves :<\/span><\/p>\n<div dir=\"ltr\" style=\"text-align: center;\"><em>Just a brief note to thank you for\u00a0 the lesson last saturday &#8211; it was really interesting and quite \u201cfreeing\u201d. (Linda &#8211; janvier 2025)<\/em><\/div>\n<p style=\"text-align: center;\"><em>\u00ab\u00a0Toujours un excellent moment \u00e0 passer avec les conseils tr\u00e8s ouverts de Christelle&#8230;.chanceuse d avoir \u00e9t\u00e9 initi\u00e9e \u00e0 l&rsquo;aquarelle dans cette ambiance amicale. Merci !!!\u00a0\u00bb Marie-H\u00e9l\u00e8ne D. (06.2024)<\/em><\/p>\n<p style=\"text-align: center;\"><em>\u00a0\u00bb Je suis super contente, j&rsquo;ai appris plein de trucs !\u00a0\u00bb Fred B. (06-2024)<\/em><\/p>\n<p style=\"text-align: center;\"><em>\u00ab Merci de m&rsquo;avoir, contre toute attente, fait aimer les poires !! \u00bb Dominique.S (03-2023)<\/em><\/p>\n<div dir=\"auto\" style=\"text-align: center;\"><em>\u00ab\u00a0Merci bien pour tes encouragements ! Ton approche, tes conseils nous donnent la \u00ab\u00a0p\u00eache \u00a0\u00bb l&rsquo;envie de progresser. <\/em><em>L&rsquo;ambiance est chouette ce qui ne g\u00e2te rien bien au contraire \u00ab\u00a0. Genevi\u00e8ve M. (03-2023)<\/em><\/div>\n<div dir=\"auto\" style=\"text-align: center;\">\u00a0<\/div>\n<div dir=\"auto\" style=\"text-align: center;\"><em>\u00ab\u00a0Encore merci de nous transmettre tes connaissances dans tes ateliers bien sympathiques\u00a0\u00bb. Christine D. (04.2023<\/em>)<\/div>\n<div dir=\"auto\" style=\"text-align: center;\">\u00a0<\/div>\n<div dir=\"auto\" style=\"text-align: center;\"><em>\u00ab\u00a0Heureuse de t&rsquo;avoir trouv\u00e9e\u00a0\u00bb Dominique D. (04.2023)<\/em><\/div>\n<div dir=\"auto\" style=\"text-align: center;\">\u00a0<\/div>\n<div dir=\"auto\" style=\"text-align: center;\">\u00a0<em>\u00a0\u00bb Je te remercie chaleureusement pour tout ce que tu m&rsquo;as appris et surtout de m&rsquo;avoir donn\u00e9 l&rsquo;envie de continuer sur le chemin de l&rsquo;aquarelle.\u00a0\u00bb Dominique S. (06-2023)<\/em><\/div>\n<div dir=\"auto\">\u00a0<\/div>\n<p><span style=\"color: #800080;\"><span style=\"color: #000000;\">\u00a0<\/span><\/span><\/p>\n<h3><span style=\"color: #454545;\"><em>D\u00e9roul\u00e9 de l\u2019atelier :<\/em><\/span><\/h3>\n<ul>\n<li style=\"list-style-type: none;\">\n<ul>\n<li style=\"list-style-type: none;\">\n<ul>\n<li>Installation<\/li>\n<li><em>Partie \u00ab\u00a0technique\u00a0\u00bb<\/em> et r<em>\u00e9alisation d&rsquo;une aquarelle <\/em>: je vous pr\u00e9senterai un projet d&rsquo;aquarelle \u00e0 partir d&rsquo;une photo ou d&rsquo;une aquarelle d\u00e9j\u00e0 r\u00e9alis\u00e9e.<\/li>\n<li>Je vous pr\u00e9sente chaque \u00e9tape de la r\u00e9alisation (par une d\u00e9monstration en direct), puis j&rsquo;aide individuellement chaque participant.<\/li>\n<li>L&rsquo;objectif est de r\u00e9aliser une aquarelle sur le temps de l&rsquo;atelier et de vous donner des pistes pour la continuer \u00e0 la maison si elle n&rsquo;est pas termin\u00e9e.<em><br \/><\/em>Je serai l\u00e0 pour vous guider et vous apporter un avis et des conseils (que vous serez libres d&rsquo;accepter ou pas ! ).<\/li>\n<li>Bilan de l&rsquo;atelier et rangement\/nettoyage de la salle.<\/li>\n<li>\n<p>ENVOI D&rsquo;UN \u00ab\u00a0PAS \u00c0 PAS\u00a0\u00bb au format pdf ou d&rsquo;une <strong>vid\u00e9o sur YouTube<\/strong>:<br \/>Afin de poursuivre le travail \u00e0 la maison ou de refaire le sujet de l&rsquo;atelier, un \u00ab\u00a0pas \u00e0 pas\u00a0\u00bb sera envoy\u00e9 ou une vid\u00e9o sur Youtube sera mise en ligne gratuitement, pour tout le monde, \u00e0 la suite de l&rsquo;atelier. Il s&rsquo;agira d&rsquo;une d\u00e9monstration film\u00e9e dans mon atelier vous montrant les \u00e9tapes de r\u00e9alisation de l&rsquo;aquarelle travaill\u00e9e lors du cours.<\/p>\n<\/li>\n<\/ul>\n<\/li>\n<\/ul>\n<\/li>\n<\/ul>\n<ul>\n<li style=\"list-style-type: none;\">\u00a0<\/li>\n<\/ul>\n<ul>\n<li style=\"list-style-type: none;\">\u00a0<\/li>\n<\/ul>\n<ul>\n<li style=\"list-style-type: none;\">\u00a0<\/li>\n<\/ul>\n<ul>\n<li style=\"list-style-type: none;\">\u00a0<\/li>\n<\/ul>\n<ul>\n<li style=\"list-style-type: none;\">\u00a0<\/li>\n<\/ul>\n\n\n<p><\/p>\n","protected":false},"excerpt":{"rendered":"<p>Date de la derni\u00e8re mise \u00e0 jour des informations : 26\/04\/2025 ANN\u00c9\u00c9 2025-2026 : pas de cours d&rsquo;aquarelle cette ann\u00e9e. Merci de votre compr\u00e9hension. Cet atelier a pour objectif de vous accompagner dans vos d\u00e9buts \u00e0 l&rsquo;aquarelle en vous transmettant des bases et techniques qui vont vous permettre de peindre avec ce m\u00e9dium \u00e0 la &hellip; <a href=\"https:\/\/christellefortindebord.com\/index.php\/stages\/\" class=\"more-link\">Continuer la lecture<span class=\"screen-reader-text\"> de &laquo;&nbsp;Stages&nbsp;&raquo;<\/span><\/a><\/p>\n","protected":false},"author":1,"featured_media":339,"parent":0,"menu_order":0,"comment_status":"closed","ping_status":"closed","template":"","meta":{"footnotes":""},"_links":{"self":[{"href":"https:\/\/christellefortindebord.com\/index.php\/wp-json\/wp\/v2\/pages\/331"}],"collection":[{"href":"https:\/\/christellefortindebord.com\/index.php\/wp-json\/wp\/v2\/pages"}],"about":[{"href":"https:\/\/christellefortindebord.com\/index.php\/wp-json\/wp\/v2\/types\/page"}],"author":[{"embeddable":true,"href":"https:\/\/christellefortindebord.com\/index.php\/wp-json\/wp\/v2\/users\/1"}],"replies":[{"embeddable":true,"href":"https:\/\/christellefortindebord.com\/index.php\/wp-json\/wp\/v2\/comments?post=331"}],"version-history":[{"count":265,"href":"https:\/\/christellefortindebord.com\/index.php\/wp-json\/wp\/v2\/pages\/331\/revisions"}],"predecessor-version":[{"id":1815,"href":"https:\/\/christellefortindebord.com\/index.php\/wp-json\/wp\/v2\/pages\/331\/revisions\/1815"}],"wp:featuredmedia":[{"embeddable":true,"href":"https:\/\/christellefortindebord.com\/index.php\/wp-json\/wp\/v2\/media\/339"}],"wp:attachment":[{"href":"https:\/\/christellefortindebord.com\/index.php\/wp-json\/wp\/v2\/media?parent=331"}],"curies":[{"name":"wp","href":"https:\/\/api.w.org\/{rel}","templated":true}]}}