{"id":205,"date":"2017-06-08T15:50:03","date_gmt":"2017-06-08T13:50:03","guid":{"rendered":"http:\/\/christellefortindebord.com\/?page_id=205"},"modified":"2021-06-10T12:08:27","modified_gmt":"2021-06-10T10:08:27","slug":"le-journal-du-gers-jean-bernard-wiorowski-le-06-juin-2017","status":"publish","type":"page","link":"https:\/\/christellefortindebord.com\/index.php\/a-propos-de\/le-journal-du-gers-jean-bernard-wiorowski-le-06-juin-2017\/","title":{"rendered":"Revue de presse"},"content":{"rendered":"<h5><a href=\"https:\/\/www.lepetitjournal.net\/32-gers\/2021\/06\/01\/les-aquarelles-de-christelle-debord-sont-de-retour-a-la-mediatheque\/#gsc.tab=0\" target=\"_blank\" rel=\"noopener noreferrer\"><img loading=\"lazy\" decoding=\"async\" class=\"aligncenter size-large wp-image-812\" src=\"http:\/\/christellefortindebord.com\/wp-content\/uploads\/2021\/06\/DDM-050621-480x404.jpg\" alt=\"\" width=\"480\" height=\"404\" srcset=\"https:\/\/christellefortindebord.com\/wp-content\/uploads\/2021\/06\/DDM-050621-480x404.jpg 480w, https:\/\/christellefortindebord.com\/wp-content\/uploads\/2021\/06\/DDM-050621-300x252.jpg 300w, https:\/\/christellefortindebord.com\/wp-content\/uploads\/2021\/06\/DDM-050621-768x646.jpg 768w, https:\/\/christellefortindebord.com\/wp-content\/uploads\/2021\/06\/DDM-050621-1200x1010.jpg 1200w, https:\/\/christellefortindebord.com\/wp-content\/uploads\/2021\/06\/DDM-050621.jpg 1362w\" sizes=\"(max-width: 480px) 85vw, 480px\" \/><\/a><\/h5>\n<p><em>(Cliquez sur l&rsquo;article pour le lire en ligne)<\/em><\/p>\n<hr \/>\n<h5><a href=\"https:\/\/www.ladepeche.fr\/2021\/06\/05\/les-aquarelles-de-christelle-debord-sexposent-a-la-mediatheque-de-seissan-9587254.php\"><img loading=\"lazy\" decoding=\"async\" class=\"aligncenter size-large wp-image-813\" src=\"http:\/\/christellefortindebord.com\/wp-content\/uploads\/2021\/06\/Le-petit-journal-du-04-au-100621-480x274.jpg\" alt=\"\" width=\"480\" height=\"274\" srcset=\"https:\/\/christellefortindebord.com\/wp-content\/uploads\/2021\/06\/Le-petit-journal-du-04-au-100621-480x274.jpg 480w, https:\/\/christellefortindebord.com\/wp-content\/uploads\/2021\/06\/Le-petit-journal-du-04-au-100621-300x172.jpg 300w, https:\/\/christellefortindebord.com\/wp-content\/uploads\/2021\/06\/Le-petit-journal-du-04-au-100621-768x439.jpg 768w, https:\/\/christellefortindebord.com\/wp-content\/uploads\/2021\/06\/Le-petit-journal-du-04-au-100621-1200x686.jpg 1200w, https:\/\/christellefortindebord.com\/wp-content\/uploads\/2021\/06\/Le-petit-journal-du-04-au-100621.jpg 1588w\" sizes=\"(max-width: 480px) 85vw, 480px\" \/><\/a><\/h5>\n<h5>Expo M\u00e9diath\u00e8que de Seissan &#8211; Mai 2019<\/h5>\n<p><img loading=\"lazy\" decoding=\"async\" class=\" wp-image-488 alignright\" src=\"http:\/\/christellefortindebord.com\/wp-content\/uploads\/2019\/05\/3mai2019.Odile-Noudilos2JPG-e1557041608821-480x351.jpg\" alt=\"\" width=\"324\" height=\"237\" srcset=\"https:\/\/christellefortindebord.com\/wp-content\/uploads\/2019\/05\/3mai2019.Odile-Noudilos2JPG-e1557041608821-480x351.jpg 480w, https:\/\/christellefortindebord.com\/wp-content\/uploads\/2019\/05\/3mai2019.Odile-Noudilos2JPG-e1557041608821-300x219.jpg 300w, https:\/\/christellefortindebord.com\/wp-content\/uploads\/2019\/05\/3mai2019.Odile-Noudilos2JPG-e1557041608821-768x562.jpg 768w, https:\/\/christellefortindebord.com\/wp-content\/uploads\/2019\/05\/3mai2019.Odile-Noudilos2JPG-e1557041608821-1200x878.jpg 1200w, https:\/\/christellefortindebord.com\/wp-content\/uploads\/2019\/05\/3mai2019.Odile-Noudilos2JPG-e1557041608821.jpg 1274w\" sizes=\"(max-width: 324px) 85vw, 324px\" \/>Les expos se succ\u00e8dent \u00e0 la M\u00e9diath\u00e8que, offrant ainsi aux visiteurs tout un large panel de cr\u00e9ations artistiques, principalement dans le domaine pictural. En ce moment ce sont les aquarelles de Christelle Fortin-Debord qui sont accroch\u00e9es aux cimaises de la salle Astarac jusqu\u2019\u00e0 la fin du mois. R\u00e9sidant \u00e0 Clermont Pouyguill\u00e8s, cette autodidacte a commenc\u00e9 la peinture tr\u00e8s jeune, s\u2019essayant successivement \u00e0 plusieurs techniques : gouache, puis huile, acrylique, encre et depuis six ans l\u2019aquarelle \u00e0 laquelle elle se consacre exclusivement d\u00e9sormais. Si elle est maintenant en mesure d\u2019animer des ateliers, elle s\u2019est perfectionn\u00e9e au d\u00e9part avec l\u2019atelier des Berges du Gers \u00e0 Auch. M\u00eame si l\u2019aquarelle n\u2019autorise pas le droit \u00e0 l\u2019erreur, pour elle c\u2019est la seule technique qui permet de restituer la transparence, la l\u00e9g\u00e8ret\u00e9, l\u2019effet de vapeur, une subtilit\u00e9 qu\u2019elle n\u2019arrive pas \u00e0 saisir autrement. Ses 31 cr\u00e9ations sont r\u00e9alis\u00e9es, soit \u00e0 partir de photos qu\u2019elle a prises dans son environnement ou lors de ses d\u00e9placements, soit suivant son imagination comme c\u2019est le cas pour ses bouquets. Le visiteur ne peut que rester en admiration devant ses iris et ses pens\u00e9es, en fait ceux de ses voisins, tout comme leur champ de tournesols \u00a0! Une note d\u2019humour de circonstance aussi avec la dame sous la pluie ! Quant aux paysages, c\u2019est toujours sur le ciel, \u00e0 la fois lumineux et tourment\u00e9, que se focalise le regard \u00a0! Plus insolite, Christelle Debord travaille en suivant le rythme des saisons, pas question pour elle de peindre des iris en plein hiver ou des \u0153ufs lorsque ses poules ne pondent plus. Par le pass\u00e9, elle avait d\u00e9j\u00e0 expos\u00e9 \u00e0 la m\u00e9diath\u00e8que mais c\u2019\u00e9tait dans le cadre d\u2019une exposition de groupe avec ses coll\u00e8gues de Clermont Pouyguill\u00e8s, montrant ainsi que ce petit coin du Gers est riche en talents artistiques. A voir aux heures d\u2019ouverture de la m\u00e9diath\u00e8que le mercredi, jeudi, vendredi et samedi !<\/p>\n<p><em>Odile Noulibos pour Le petit journal et Le Journal du Gers, 3 mai 2019.<\/em><\/p>\n<h5><img loading=\"lazy\" decoding=\"async\" class=\"size-large wp-image-487 aligncenter\" src=\"http:\/\/christellefortindebord.com\/wp-content\/uploads\/2019\/05\/3mai2019.Odile-Noudilos1-e1557041369424-480x128.jpg\" alt=\"\" width=\"480\" height=\"128\" srcset=\"https:\/\/christellefortindebord.com\/wp-content\/uploads\/2019\/05\/3mai2019.Odile-Noudilos1-e1557041369424-480x128.jpg 480w, https:\/\/christellefortindebord.com\/wp-content\/uploads\/2019\/05\/3mai2019.Odile-Noudilos1-e1557041369424-300x80.jpg 300w, https:\/\/christellefortindebord.com\/wp-content\/uploads\/2019\/05\/3mai2019.Odile-Noudilos1-e1557041369424-768x205.jpg 768w, https:\/\/christellefortindebord.com\/wp-content\/uploads\/2019\/05\/3mai2019.Odile-Noudilos1-e1557041369424.jpg 1032w\" sizes=\"(max-width: 480px) 85vw, 480px\" \/><\/h5>\n<hr \/>\n<p><strong>Christelle Fortin-Debord expose \u00e0 la m\u00e9diath\u00e8que pendant tout le mois de mai. \/ <\/strong>Photo DDM Pierre Vignaux. Publi\u00e9 le 07\/05\/19 &#8211; La D\u00e9p\u00eache du Midi.<\/p>\n<p><img loading=\"lazy\" decoding=\"async\" class=\"alignnone size-large wp-image-504 aligncenter\" src=\"http:\/\/christellefortindebord.com\/wp-content\/uploads\/2019\/05\/DEBORD-Christelle019-480x320.jpg\" alt=\"\" width=\"480\" height=\"320\" srcset=\"https:\/\/christellefortindebord.com\/wp-content\/uploads\/2019\/05\/DEBORD-Christelle019-480x320.jpg 480w, https:\/\/christellefortindebord.com\/wp-content\/uploads\/2019\/05\/DEBORD-Christelle019-300x200.jpg 300w, https:\/\/christellefortindebord.com\/wp-content\/uploads\/2019\/05\/DEBORD-Christelle019-768x513.jpg 768w, https:\/\/christellefortindebord.com\/wp-content\/uploads\/2019\/05\/DEBORD-Christelle019-1200x801.jpg 1200w\" sizes=\"(max-width: 480px) 85vw, 480px\" \/><\/p>\n<p>Christelle Fortin-Debord, aquarelliste, expose tout le mois de mai une trentaine d&rsquo;aquarelles sous cadre, \u00e0 la m\u00e9diath\u00e8que de Seissan. Autodidacte, elle a toujours \u00e9t\u00e9 attir\u00e9e par la peinture. Elle a d&rsquo;abord travaill\u00e9 la gouache puis la peinture \u00e0 l&rsquo;huile pendant plus de dix ans. Puis, elle a suivi les cours de dessin et de peinture de Ben Brotherton, avec un travail sur l&rsquo;acrylique et une premi\u00e8re d\u00e9couverte de l&rsquo;aquarelle. Et elle travaille celle-ci depuis 2013. Entre 2013 et 2016, elle a approfondi ses connaissances gr\u00e2ce aux conseils de Jacques V\u00e9rit\u00e9, aquarelliste demeurant \u00e0 Clermont-Pouyguill\u00e8s. Elle a perfectionn\u00e9 sa formation gr\u00e2ce \u00e0 des stages, notamment ceux de Thierry de Marichalar et de Patrice Hyver, aquarelliste lui-m\u00eame, dont les aquarelles sur les villages de Val de Gers sont expos\u00e9es dans le hall de la mairie. Christelle Fortin-Debord a commenc\u00e9 \u00e0 exposer ses oeuvres lors des Journ\u00e9es du patrimoine \u00e0 Pessan, en expositions collectives, en septembre 2015. Aujourd&rsquo;hui, c&rsquo;est seule qu&rsquo;elle expose ses aquarelles, comme \u00e0 Seissan, o\u00f9 sont pr\u00e9sent\u00e9es plusieurs de ses \u009couvres : les fleurs de printemps, des bouquets imaginaires, des paysages du Gers, les bords de l&rsquo;oc\u00e9an en Bretagne et surtout ses coups de coeur. A voir les jours d&rsquo;ouverture de la m\u00e9diath\u00e8que.<\/p>\n<p><em>NB:\u00a0 <span dir=\"ltr\"><span class=\"_3l3x\">Petite erreur dans l&rsquo;article : je n&rsquo;ai pas travaill\u00e9 avec Patrice Hyver&#8230; Prochainement peut-\u00eatre!<\/span><\/span><\/em><\/p>\n<p><img loading=\"lazy\" decoding=\"async\" class=\"alignnone size-large wp-image-502 aligncenter\" src=\"http:\/\/christellefortindebord.com\/wp-content\/uploads\/2019\/05\/DEBORD-Christelle003-480x320.jpg\" alt=\"\" width=\"480\" height=\"320\" srcset=\"https:\/\/christellefortindebord.com\/wp-content\/uploads\/2019\/05\/DEBORD-Christelle003-480x320.jpg 480w, https:\/\/christellefortindebord.com\/wp-content\/uploads\/2019\/05\/DEBORD-Christelle003-300x200.jpg 300w, https:\/\/christellefortindebord.com\/wp-content\/uploads\/2019\/05\/DEBORD-Christelle003-768x513.jpg 768w, https:\/\/christellefortindebord.com\/wp-content\/uploads\/2019\/05\/DEBORD-Christelle003-1200x801.jpg 1200w\" sizes=\"(max-width: 480px) 85vw, 480px\" \/><\/p>\n<hr \/>\n<h5><a href=\"http:\/\/lejournaldugers.fr\/article\/20178-jusquau-22-juin-au-malartic-a-auch-dans-le-hall-dentree-du-credit-agricole-deux-peintres-gersois-exposent-leurs-toiles?ref=EmailThis.me\" target=\"_blank\" rel=\"noopener noreferrer\"><em>Le Journal du Gers Jean-Bernard Wiorowski &#8211; Le 06 juin 2017<\/em><\/a><\/h5>\n<h2>Jusqu\u2019au 22 juin au Malartic \u00e0 Auch dans le hall d\u2019entr\u00e9e du Cr\u00e9dit Agricole deux peintres gersois exposent leurs toiles.<\/h2>\n<p><img loading=\"lazy\" decoding=\"async\" class=\"alignnone wp-image-218 \" src=\"http:\/\/christellefortindebord.com\/wp-content\/uploads\/2017\/06\/20170606200955iXE0-2-e1496933197767.jpg\" alt=\"\" width=\"835\" height=\"392\" srcset=\"https:\/\/christellefortindebord.com\/wp-content\/uploads\/2017\/06\/20170606200955iXE0-2-e1496933197767.jpg 1024w, https:\/\/christellefortindebord.com\/wp-content\/uploads\/2017\/06\/20170606200955iXE0-2-e1496933197767-300x141.jpg 300w, https:\/\/christellefortindebord.com\/wp-content\/uploads\/2017\/06\/20170606200955iXE0-2-e1496933197767-480x225.jpg 480w, https:\/\/christellefortindebord.com\/wp-content\/uploads\/2017\/06\/20170606200955iXE0-2-e1496933197767-768x360.jpg 768w\" sizes=\"(max-width: 835px) 85vw, 835px\" \/><\/p>\n<div id=\"m_-2956914055507478625readability-page-1\" class=\"m_-2956914055507478625page\">\n<div class=\"m_-2956914055507478625post-text\">\n<p><strong>Photo<\/strong> : Christelle Debord et Serge Delfau ont d\u00e9voil\u00e9 leurs parcours de peintre<\/p>\n<p><strong><a href=\"http:\/\/lejournaldugers.fr\/uploads\/media\/u14\/20170606200048P1330213JPG.JPG\" target=\"_blank\" rel=\"noopener noreferrer\" data-saferedirecturl=\"https:\/\/www.google.com\/url?hl=fr&amp;q=http:\/\/lejournaldugers.fr\/uploads\/media\/u14\/20170606200048P1330213JPG.JPG&amp;source=gmail&amp;ust=1497015183823000&amp;usg=AFQjCNFNGoZE5zfGDYwtofWDR4tEBwqICA\"><img decoding=\"async\" class=\"CToWUd\" src=\"https:\/\/ci3.googleusercontent.com\/proxy\/lw63gKcFAQWY1KAzA1yPaoaujDjDgoQPXTWXjP1bUE0RwDJcRSI3D8YoTjdVph4B0brfhoU8H6jMnfwLxR-u9MWkEXEfZ50KcrSkpqDCuj8dufMe5xlnXlRWCZuKs4c=s0-d-e1-ft#http:\/\/lejournaldugers.fr\/uploads\/media\/u14\/20170606200048P1330213JPG.JPG\" alt=\"\" \/><\/a>Christelle Debord<\/strong>, professeur des \u00e9coles \u00e0 Pessan, qui aurait bien voulu faire les Beaux arts mais sa vie en a d\u00e9cid\u00e9 autrement, n\u2019a pas oubli\u00e9 la passion de son adolescence. Car elle a toujours gard\u00e9 au fond de son c\u0153ur cette envie de peindre qui aujourd\u2019hui s\u2019exprime au travers d\u2019aquarelles tr\u00e8s rafra\u00eechissantes. Auparavant l\u2019artiste peintre r\u00e9alisa des tableaux peints \u00e0 l\u2019huile, \u00e0 l\u2019acrylique, et s\u2019essaya m\u00eame\u00a0\u00e0 la calligraphie.<\/p>\n<p>Donc depuis quatre ans Christelle Debord se r\u00e9v\u00e8le dans un art difficile \u00ab\u00a0qui demande beaucoup d\u2019anticipation o\u00f9 il faut calculer \u00e0 l\u2019avance les coups de pinceaux\u00a0\u00bb. Un exercice qui la lib\u00e8re de nombreuses conventions pour l\u2019amener \u00e0 s\u2019exprimer naturellement \u00ab\u00a0sur tout ce que j\u2019aime, et mes coups de c\u0153ur\u00a0\u00bb. Du coup l\u2019artiste offre une mosa\u00efque de tableaux tr\u00e8s divers ceux-ci allant des paysages de Bretagne, son pays d\u2019enfance, \u00e0 ceux du Gers \u00ab\u00a0qui est magnifique\u00a0\u00bb mais pas seulement car ses coups de c\u0153urs peuvent \u00eatre une branche de citronnier, une poule, des \u0153ufs, un personnage qui court sous la pluie\u2026 \u00a0Tout cela est on ne peut plus vivant \u00e0 l\u2019image de la tr\u00e8s souriante Christelle Debord.<\/p>\n<\/div>\n<div class=\"m_-2956914055507478625post-linked\">\n<div class=\"m_-2956914055507478625post-linked_img_box\">\n<p class=\"m_-2956914055507478625l-legend\"><a class=\"m_-2956914055507478625l-image m_-2956914055507478625fs-lightbox-element\" title=\"Christelle Debord devant ses aquarelles.\" href=\"http:\/\/lejournaldugers.fr\/uploads\/linked_imgs\/20170606201002HgWR.JPG\" target=\"_blank\" rel=\"noopener noreferrer\" data-saferedirecturl=\"https:\/\/www.google.com\/url?hl=fr&amp;q=http:\/\/lejournaldugers.fr\/uploads\/linked_imgs\/20170606201002HgWR.JPG&amp;source=gmail&amp;ust=1497015183823000&amp;usg=AFQjCNGWV09hhAcmUWm1gyI4bhSghESbOg\"> <img decoding=\"async\" class=\"m_-2956914055507478625b-lazy m_-2956914055507478625b-loaded CToWUd\" src=\"https:\/\/ci3.googleusercontent.com\/proxy\/cxR4SXycCXrYpGB1-UXuh1Oc14q6TB_Nfzov2l3lYcKJ8qhZlJ81IYpXoXUAH_ldxjVSZWTxB65OtnMl5ElM3hyW6wHGlRlZlydUlGSvZ_3PWeI5HNLdLpm3Uyy7rprwiBjizwZIG2qW-zDZ=s0-d-e1-ft#http:\/\/lejournaldugers.fr\/uploads\/linked_imgs\/20170606201002HgWR-image%28linked_img%29.JPG\" alt=\"P1330215.JPG\" \/><\/a>Christelle Debord devant ses aquarelles.<\/p>\n<\/div>\n<\/div>\n<\/div>\n<hr \/>\n<table class=\"m_-2956914055507478625body-sub\">\n<tbody>\n<tr>\n<td width=\"100%\">\n<p class=\"m_-2956914055507478625sub\"><strong>Source: <a href=\"http:\/\/lejournaldugers.fr\/article\/20178-jusquau-22-juin-au-malartic-a-auch-dans-le-hall-dentree-du-credit-agricole-deux-peintres-gersois-exposent-leurs-toiles?ref=EmailThis.me\" target=\"_blank\" rel=\"noopener noreferrer\" data-saferedirecturl=\"https:\/\/www.google.com\/url?hl=fr&amp;q=http:\/\/lejournaldugers.fr\/article\/20178-jusquau-22-juin-au-malartic-a-auch-dans-le-hall-dentree-du-credit-agricole-deux-peintres-gersois-exposent-leurs-toiles?ref%3DEmailThis.me&amp;source=gmail&amp;ust=1497015183823000&amp;usg=AFQjCNHFf4iVTOfN0QuSsI-X58kBMhgvzg\">http:\/\/lejournaldugers.fr\/<wbr \/>article\/20178-jusquau-22-juin-<wbr \/>au-malartic-a-auch-dans-le-<wbr \/>hall-dentree-du-credit-<wbr \/>agricole-deux-peintres-<wbr \/>gersois-exposent-leurs-toiles?<wbr \/>ref=EmailThis.me<\/a><\/strong><\/p>\n<\/td>\n<\/tr>\n<\/tbody>\n<\/table>\n","protected":false},"excerpt":{"rendered":"<p>(Cliquez sur l&rsquo;article pour le lire en ligne) Expo M\u00e9diath\u00e8que de Seissan &#8211; Mai 2019 Les expos se succ\u00e8dent \u00e0 la M\u00e9diath\u00e8que, offrant ainsi aux visiteurs tout un large panel de cr\u00e9ations artistiques, principalement dans le domaine pictural. En ce moment ce sont les aquarelles de Christelle Fortin-Debord qui sont accroch\u00e9es aux cimaises de la &hellip; <a href=\"https:\/\/christellefortindebord.com\/index.php\/a-propos-de\/le-journal-du-gers-jean-bernard-wiorowski-le-06-juin-2017\/\" class=\"more-link\">Continuer la lecture<span class=\"screen-reader-text\"> de &laquo;&nbsp;Revue de presse&nbsp;&raquo;<\/span><\/a><\/p>\n","protected":false},"author":1,"featured_media":0,"parent":8,"menu_order":0,"comment_status":"closed","ping_status":"closed","template":"","meta":{"footnotes":""},"_links":{"self":[{"href":"https:\/\/christellefortindebord.com\/index.php\/wp-json\/wp\/v2\/pages\/205"}],"collection":[{"href":"https:\/\/christellefortindebord.com\/index.php\/wp-json\/wp\/v2\/pages"}],"about":[{"href":"https:\/\/christellefortindebord.com\/index.php\/wp-json\/wp\/v2\/types\/page"}],"author":[{"embeddable":true,"href":"https:\/\/christellefortindebord.com\/index.php\/wp-json\/wp\/v2\/users\/1"}],"replies":[{"embeddable":true,"href":"https:\/\/christellefortindebord.com\/index.php\/wp-json\/wp\/v2\/comments?post=205"}],"version-history":[{"count":19,"href":"https:\/\/christellefortindebord.com\/index.php\/wp-json\/wp\/v2\/pages\/205\/revisions"}],"predecessor-version":[{"id":1115,"href":"https:\/\/christellefortindebord.com\/index.php\/wp-json\/wp\/v2\/pages\/205\/revisions\/1115"}],"up":[{"embeddable":true,"href":"https:\/\/christellefortindebord.com\/index.php\/wp-json\/wp\/v2\/pages\/8"}],"wp:attachment":[{"href":"https:\/\/christellefortindebord.com\/index.php\/wp-json\/wp\/v2\/media?parent=205"}],"curies":[{"name":"wp","href":"https:\/\/api.w.org\/{rel}","templated":true}]}}