{"id":1821,"date":"2026-01-18T17:34:44","date_gmt":"2026-01-18T16:34:44","guid":{"rendered":"https:\/\/christellefortindebord.com\/?page_id=1821"},"modified":"2026-02-15T10:07:45","modified_gmt":"2026-02-15T09:07:45","slug":"musique","status":"publish","type":"page","link":"https:\/\/christellefortindebord.com\/index.php\/musique\/","title":{"rendered":"Musique"},"content":{"rendered":"\n<p>Liliken<\/p>\n\n\n\n<figure class=\"wp-block-image size-large\"><img loading=\"lazy\" decoding=\"async\" width=\"480\" height=\"480\" src=\"https:\/\/christellefortindebord.com\/wp-content\/uploads\/2026\/01\/liliken3-_4000x4000pixel-480x480.jpg\" alt=\"\" class=\"wp-image-1816\" srcset=\"https:\/\/christellefortindebord.com\/wp-content\/uploads\/2026\/01\/liliken3-_4000x4000pixel-480x480.jpg 480w, https:\/\/christellefortindebord.com\/wp-content\/uploads\/2026\/01\/liliken3-_4000x4000pixel-300x300.jpg 300w, https:\/\/christellefortindebord.com\/wp-content\/uploads\/2026\/01\/liliken3-_4000x4000pixel-150x150.jpg 150w, https:\/\/christellefortindebord.com\/wp-content\/uploads\/2026\/01\/liliken3-_4000x4000pixel-768x768.jpg 768w, https:\/\/christellefortindebord.com\/wp-content\/uploads\/2026\/01\/liliken3-_4000x4000pixel-1536x1536.jpg 1536w, https:\/\/christellefortindebord.com\/wp-content\/uploads\/2026\/01\/liliken3-_4000x4000pixel-2048x2048.jpg 2048w, https:\/\/christellefortindebord.com\/wp-content\/uploads\/2026\/01\/liliken3-_4000x4000pixel-1200x1200.jpg 1200w\" sizes=\"(max-width: 480px) 85vw, 480px\" \/><\/figure>\n\n\n\n<p>Il y a 20 ans, j&rsquo;\u00e9tais auteure et chanteuse du groupe LILIKEN avec S\u00e9bastien Porte, auteur, compositeur et pianiste du groupe.<\/p>\n\n\n\n<p>Depuis le 17 janvier 2026, deux enregistrements sont disponibles sur toutes les plateformes musicales.<\/p>\n\n\n\n<p>Le premier, \u00ab\u00a0Le Temps d&rsquo;une saison\u00a0\u00bb, est un in\u00e9dit de 2003 enregistr\u00e9&nbsp;en<br>une seule prise&nbsp;par Jean-Philippe Hauray,&nbsp;un apr\u00e8s-midi d&rsquo;hiver, dans un<br>appartement de la colline de Jolimont,&nbsp;\u00e0 Toulouse, sur un petit<br>quart-de-queue ancien, avec S\u00e9bastien Porte au piano,&nbsp;Vincent Trincal<br>au violoncelle, et moi-m\u00eame, au chant.<\/p>\n\n\n\n<figure class=\"wp-block-gallery has-nested-images columns-default is-cropped wp-block-gallery-1 is-layout-flex wp-block-gallery-is-layout-flex\">\n<figure class=\"wp-block-image size-large\"><img loading=\"lazy\" decoding=\"async\" width=\"480\" height=\"480\" data-id=\"1826\" src=\"https:\/\/christellefortindebord.com\/wp-content\/uploads\/2026\/01\/LILIKEN-LoinDesVilles-_15Mo-480x480.jpeg\" alt=\"\" class=\"wp-image-1826\" srcset=\"https:\/\/christellefortindebord.com\/wp-content\/uploads\/2026\/01\/LILIKEN-LoinDesVilles-_15Mo-480x480.jpeg 480w, https:\/\/christellefortindebord.com\/wp-content\/uploads\/2026\/01\/LILIKEN-LoinDesVilles-_15Mo-300x300.jpeg 300w, https:\/\/christellefortindebord.com\/wp-content\/uploads\/2026\/01\/LILIKEN-LoinDesVilles-_15Mo-150x150.jpeg 150w, https:\/\/christellefortindebord.com\/wp-content\/uploads\/2026\/01\/LILIKEN-LoinDesVilles-_15Mo-768x768.jpeg 768w, https:\/\/christellefortindebord.com\/wp-content\/uploads\/2026\/01\/LILIKEN-LoinDesVilles-_15Mo-1536x1536.jpeg 1536w, https:\/\/christellefortindebord.com\/wp-content\/uploads\/2026\/01\/LILIKEN-LoinDesVilles-_15Mo-2048x2048.jpeg 2048w, https:\/\/christellefortindebord.com\/wp-content\/uploads\/2026\/01\/LILIKEN-LoinDesVilles-_15Mo-1200x1200.jpeg 1200w\" sizes=\"(max-width: 480px) 85vw, 480px\" \/><\/figure>\n<\/figure>\n\n\n\n<p>Le second est&nbsp;une version remast\u00e9ris\u00e9e, avec nouveau visuel et tracklist<br>remani\u00e9e, d&rsquo;un album sorti en 2006 avec le soutien de l&rsquo;Adami,&nbsp;\u00ab\u00a0Loin des villes\u00a0\u00bb, enregistr\u00e9 \u00e9galement par Jean-Philippe Hauray, en novembre 2005, dans les chais d&rsquo;un domaine viticole du vignoble gaillacois, le Domaine de Matens, pr\u00e8s d&rsquo;Albi, sur grand queue Steinway. Avec toujours S\u00e9bastien Porte&nbsp; au piano, Claire Menguy au violoncelle, Dominique Rateau \u00e0 la batterie, moi-m\u00eame au chant et, en invit\u00e9s, Lili Cros et ses musiciens sur \u00ab\u00a0Les Ch\u00e2teaux angevins\u00a0\u00bb et Mahfoud Bettayeb (Prisca) sur \u00ab\u00a0Chlo\u00e9 la nuit\u00a0\u00bb.<\/p>\n\n\n\n<p>Le mastering de ces deux albums a \u00e9t\u00e9 r\u00e9alis\u00e9 cet automne&nbsp;par Jean-Philippe Hauray.&nbsp;<br>Le graphisme est sign\u00e9 Jean-Christophe Debord (\u00ab\u00a0Loin des villes\u00a0\u00bb) et<br>Fr\u00e9d\u00e9ric Fontaine (\u00ab\u00a0Le Temps d&rsquo;une saison\u00a0\u00bb).&nbsp;<\/p>\n\n\n\n<p>Disponible sur toutes les plateformes.<\/p>\n\n\n<p><iframe loading=\"lazy\" title=\"deezer-widget\" src=\"https:\/\/widget.deezer.com\/widget\/dark\/album\/886917872\" width=\"100%\" height=\"300\" frameborder=\"0\" allowtransparency=\"true\" allow=\"encrypted-media; clipboard-write\"><\/iframe><\/p>\n\n\n\n<p>Des versions CD de l&rsquo;enregistrement original de l&rsquo;album \u00ab\u00a0Loin des villes \u00bb sont disponibles \u00e0 la vente.<br>Disque Compact produit en 2003 avec le soutien de l&rsquo;ADAMI<br>Enregistrement original.<br>Livret avec les paroles des chansons.<br>CD vendu dans son blister et sous film plastique.<\/p>\n\n\n\n<p>15 titres (dont \u00ab Prague \u00bb, absent des plateformes) :<br>1. L&rsquo;\u00e2ge mur<br>2. Les hortensias<br>3. Loin des villes<br>4. Dommage<br>5. Le mus\u00e9e des beaux-arts<br>6. Chlo\u00eb la nuit<br>7. Prague<br>8. Le voisin d&rsquo;en face<br>9. Les hu\u00eetres<br>10. Naus\u00e9e<br>11. Ma m\u00e8re<br>12. No mauser<br>13. Chrysalide<br>14. Pr\u00e9cipice<br>15. Mes ch\u00e2teaux angevins<br>Disponible \u00e0 la vente au prix de 15\u20ac (20 \u20ac par envoi postal frais de ports compris pour la France m\u00e9tropolitaine). <br>Contact par mail : liliken@laposte.net<\/p>\n\n\n\n<div class=\"wp-block-group is-layout-constrained wp-block-group-is-layout-constrained\"><div class=\"wp-block-group__inner-container\">\n<div class=\"wp-block-columns is-layout-flex wp-container-core-columns-layout-2 wp-block-columns-is-layout-flex\">\n<div class=\"wp-block-column is-layout-flow wp-block-column-is-layout-flow\" style=\"flex-basis:100%\">\n<div class=\"wp-block-columns is-layout-flex wp-container-core-columns-layout-1 wp-block-columns-is-layout-flex\">\n<div class=\"wp-block-column is-layout-flow wp-block-column-is-layout-flow\" style=\"flex-basis:100%\">\n<figure class=\"wp-block-image size-large is-resized\"><img loading=\"lazy\" decoding=\"async\" width=\"480\" height=\"480\" src=\"https:\/\/christellefortindebord.com\/wp-content\/uploads\/2026\/02\/liliken5max19Mo-480x480.jpeg\" alt=\"\" class=\"wp-image-1847\" style=\"width:468px;height:auto\" srcset=\"https:\/\/christellefortindebord.com\/wp-content\/uploads\/2026\/02\/liliken5max19Mo-480x480.jpeg 480w, https:\/\/christellefortindebord.com\/wp-content\/uploads\/2026\/02\/liliken5max19Mo-300x300.jpeg 300w, https:\/\/christellefortindebord.com\/wp-content\/uploads\/2026\/02\/liliken5max19Mo-150x150.jpeg 150w, https:\/\/christellefortindebord.com\/wp-content\/uploads\/2026\/02\/liliken5max19Mo-768x768.jpeg 768w, https:\/\/christellefortindebord.com\/wp-content\/uploads\/2026\/02\/liliken5max19Mo-1200x1200.jpeg 1200w, https:\/\/christellefortindebord.com\/wp-content\/uploads\/2026\/02\/liliken5max19Mo.jpeg 1527w\" sizes=\"(max-width: 480px) 85vw, 480px\" \/><figcaption class=\"wp-element-caption\">Livret du CD Loin des villes (2006)<\/figcaption><\/figure>\n\n\n\n<figure class=\"wp-block-image size-large\"><img loading=\"lazy\" decoding=\"async\" width=\"480\" height=\"454\" src=\"https:\/\/christellefortindebord.com\/wp-content\/uploads\/2026\/02\/visuel-CD-480x454.jpg\" alt=\"\" class=\"wp-image-1846\" srcset=\"https:\/\/christellefortindebord.com\/wp-content\/uploads\/2026\/02\/visuel-CD-480x454.jpg 480w, https:\/\/christellefortindebord.com\/wp-content\/uploads\/2026\/02\/visuel-CD-300x284.jpg 300w, https:\/\/christellefortindebord.com\/wp-content\/uploads\/2026\/02\/visuel-CD-768x726.jpg 768w, https:\/\/christellefortindebord.com\/wp-content\/uploads\/2026\/02\/visuel-CD-1536x1452.jpg 1536w, https:\/\/christellefortindebord.com\/wp-content\/uploads\/2026\/02\/visuel-CD-2048x1936.jpg 2048w, https:\/\/christellefortindebord.com\/wp-content\/uploads\/2026\/02\/visuel-CD-1200x1134.jpg 1200w\" sizes=\"(max-width: 480px) 85vw, 480px\" \/><\/figure>\n<\/div>\n<\/div>\n<\/div>\n<\/div>\n<\/div><\/div>\n\n\n\n<p><br><a href=\"mailto:liliken@laposte.net\" target=\"_blank\" rel=\"noreferrer noopener\">liliken@laposte.net<\/a><br><a href=\"https:\/\/www.facebook.com\/lilikenmusique\/\" target=\"_blank\" rel=\"noreferrer noopener\">https:\/\/www.facebook.com\/lilikenmusique\/<\/a><br><a href=\"http:\/\/instagram.com\/liliken_musique\" target=\"_blank\" rel=\"noreferrer noopener\">instagram.com\/liliken_musique<\/a><\/p>\n\n\n\n<p><strong>T\u00e9moignages : <\/strong><\/p>\n\n\n\n<p>T\u00e9moignages :<br>\u00ab\u00a0Mais quelle merveille cette voix cristalline, chaude, fra\u00eeche, tout \u00e0 la fois &#8230;! De l&rsquo;aquarelle au chant, Christelle Fortin Debord vous \u00eates une v\u00e9ritable Artiste, vous donnez tout ce qu&rsquo;il y a de plus beau au monde : de la beaut\u00e9, du r\u00eave, du soleil &#8230;.! Je vous en prie continuez le chant, vous \u00eates divine \ud83d\ude0d\ud83e\udd29\ud83d\ude4f\u00a0\u00bb<br>Monique Thomas sur Facebook, le 17 janvier 2026.<\/p>\n\n\n\n<p>\u00ab\u00a0Merciiiiiiiiii !<br>J&rsquo;ai enregistr\u00e9 quelques morceaux sur mon t\u00e9l\u00e9phone et je vous \u00e9coute en bricolant de ci de l\u00e0&#8230;\ud83d\ude0a<br>Quelle s\u00e9r\u00e9nit\u00e9 je ressens entre votre voix et musique&#8230;.!! Merci encore de ce beau cadeau \ud83d\ude4f .<br>Votre voix si pure lorsque \u00ab\u00a0vous montez\u00a0\u00bb dans les notes est magnifique : je suis transport\u00e9e devant une petite cascade cristalline qui \u00e9met des sons venus de l&rsquo;au-del\u00e0&#8230;\ud83e\udd29<br>Les personnes qui vous suivent doivent savoir \u00e0 quel point vos chansons et votre voix font du bien.<br>Bonne continuation et merci ! \ud83d\ude4f\u00a0\u00bb<br>Monique Monier, 19 janvier 2026.<\/p>\n\n\n\n<p><\/p>\n\n\n\n<p><\/p>\n\n\n\n<p><\/p>\n\n\n\n<p><\/p>\n","protected":false},"excerpt":{"rendered":"<p>Liliken Il y a 20 ans, j&rsquo;\u00e9tais auteure et chanteuse du groupe LILIKEN avec S\u00e9bastien Porte, auteur, compositeur et pianiste du groupe. Depuis le 17 janvier 2026, deux enregistrements sont disponibles sur toutes les plateformes musicales. Le premier, \u00ab\u00a0Le Temps d&rsquo;une saison\u00a0\u00bb, est un in\u00e9dit de 2003 enregistr\u00e9&nbsp;enune seule prise&nbsp;par Jean-Philippe Hauray,&nbsp;un apr\u00e8s-midi d&rsquo;hiver, dans &hellip; <a href=\"https:\/\/christellefortindebord.com\/index.php\/musique\/\" class=\"more-link\">Continuer la lecture<span class=\"screen-reader-text\"> de &laquo;&nbsp;Musique&nbsp;&raquo;<\/span><\/a><\/p>\n","protected":false},"author":1,"featured_media":0,"parent":0,"menu_order":0,"comment_status":"closed","ping_status":"closed","template":"","meta":{"footnotes":""},"_links":{"self":[{"href":"https:\/\/christellefortindebord.com\/index.php\/wp-json\/wp\/v2\/pages\/1821"}],"collection":[{"href":"https:\/\/christellefortindebord.com\/index.php\/wp-json\/wp\/v2\/pages"}],"about":[{"href":"https:\/\/christellefortindebord.com\/index.php\/wp-json\/wp\/v2\/types\/page"}],"author":[{"embeddable":true,"href":"https:\/\/christellefortindebord.com\/index.php\/wp-json\/wp\/v2\/users\/1"}],"replies":[{"embeddable":true,"href":"https:\/\/christellefortindebord.com\/index.php\/wp-json\/wp\/v2\/comments?post=1821"}],"version-history":[{"count":15,"href":"https:\/\/christellefortindebord.com\/index.php\/wp-json\/wp\/v2\/pages\/1821\/revisions"}],"predecessor-version":[{"id":1852,"href":"https:\/\/christellefortindebord.com\/index.php\/wp-json\/wp\/v2\/pages\/1821\/revisions\/1852"}],"wp:attachment":[{"href":"https:\/\/christellefortindebord.com\/index.php\/wp-json\/wp\/v2\/media?parent=1821"}],"curies":[{"name":"wp","href":"https:\/\/api.w.org\/{rel}","templated":true}]}}